{"id":36,"date":"2023-02-28T14:22:31","date_gmt":"2023-02-28T14:22:31","guid":{"rendered":"https:\/\/responsibleskincare.nl\/?page_id=36"},"modified":"2025-07-29T14:20:32","modified_gmt":"2025-07-29T14:20:32","slug":"home-natural-skincare-for-all-skin-types-2","status":"publish","type":"page","link":"https:\/\/responsibleskincare.nl\/nl\/home-natural-skincare-for-all-skin-types-2\/","title":{"rendered":"Over ons"},"content":{"rendered":"\t\t<div data-elementor-type=\"wp-page\" data-elementor-id=\"36\" class=\"elementor elementor-36\">\n\t\t\t\t\t\t<section class=\"elementor-section elementor-top-section elementor-element elementor-element-b572e9b elementor-section-boxed elementor-section-height-default elementor-section-height-default\" data-id=\"b572e9b\" data-element_type=\"section\" data-e-type=\"section\">\n\t\t\t\t\t\t<div class=\"elementor-container elementor-column-gap-default\">\n\t\t\t\t\t<div class=\"elementor-column elementor-col-100 elementor-top-column elementor-element elementor-element-3ea75b51\" data-id=\"3ea75b51\" data-element_type=\"column\" data-e-type=\"column\">\n\t\t\t<div class=\"elementor-widget-wrap elementor-element-populated\">\n\t\t\t\t\t\t<div class=\"elementor-element elementor-element-76397605 elementor-widget elementor-widget-text-editor\" data-id=\"76397605\" data-element_type=\"widget\" data-e-type=\"widget\" data-widget_type=\"text-editor.default\">\n\t\t\t\t<div class=\"elementor-widget-container\">\n\t\t\t\t\t\t\t\t\t<p data-start=\"96\" data-end=\"292\"><strong data-start=\"96\" data-end=\"120\">Responsible Skincare<\/strong> is een natuurlijk huidverzorgingsmerk dat zich richt op het gebruiken van de ingredi\u00ebnten die onze planeet ons biedt, om zo de beste producten voor jouw huid te cre\u00ebren. Ons doel is om zorg te dragen voor zowel jouw huid als het milieu, door gebruik te maken van duurzame werkwijzen en verantwoorde grondstoffen in onze productieprocessen.<\/p>\n<p data-start=\"112\" data-end=\"140\"><strong data-start=\"112\" data-end=\"140\">Beste Responsible klant,<\/strong><\/p>\n<p data-start=\"142\" data-end=\"303\">Ik ben Jamie, en als er \u00e9\u00e9n ding is waar ik in geloof, dan is het zorg dragen\u00a0 voor je dierbaren, voor je huid, en voor de planeet die we met z\u2019n allen delen.<\/p>\n<p data-start=\"305\" data-end=\"622\">Toen ik Responsible Skincare ontdekte, voelde ik me meteen aangetrokken \u2014 niet alleen door de producten, maar vooral door het verhaal erachter. Ana, de oprichter, heeft dit merk opgebouwd vanuit haar eigen ervaring, met eerlijkheid, zorg en een diep geloof in de kracht van natuurlijke ingredi\u00ebnten. Dat raakte mij.<\/p>\n<p data-start=\"624\" data-end=\"827\">Ik ben trots dat ik mag voortbouwen op wat Ana is begonnen. Met een praktische instelling en een groot hart zet ik haar missie voort \u2014 met dezelfde waarden als uitgangspunt: eerlijkheid, eenvoud en zorg.<\/p>\n<p><\/p>\n<p data-start=\"157\" data-end=\"209\"><strong data-start=\"157\" data-end=\"209\">Dit is het verhaal van Ana de basis van alles.<\/strong><\/p>\n<p data-start=\"211\" data-end=\"507\">&#8220;Hallo, ik ben Ana, de oprichter van Responsible Skincare, en het is mijn genoegen om je kennis te laten maken met ons merk. Als iemand met een levenslange passie voor huidverzorging en beauty, weet ik hoe belangrijk het is om producten te vinden die \u00e9cht werken voor jouw unieke huidbehoeften.<\/p>\n<p data-start=\"509\" data-end=\"644\">Mijn eigen huidverzorgingsreis was niet altijd makkelijk. Ik heb zelf huidproblemen ervaren, zoals acne, pigmentvlekken en irritatie.<\/p>\n<p data-start=\"646\" data-end=\"968\">Ik heb talloze merken en ingredi\u00ebnten geprobeerd, maar niets leek mijn huidproblemen echt op te lossen. Vaak hielp een product wel tegen \u00e9\u00e9n klacht, maar veroorzaakte het weer andere problemen, zoals droogheid of overmatige vetheid. Hierdoor ging ik steeds meer producten gebruiken, wat mijn huid alleen maar verergerde.<\/p>\n<p data-start=\"970\" data-end=\"1354\">Na al deze pogingen begon ik me te verdiepen in de kracht van natuurlijke ingredi\u00ebnten om mijn huid op een zachte manier te herstellen. Bloemen, planten, fruit en groenten zitten vol met helende stoffen die perfect geschikt zijn voor beauty en huidverzorging. Ik ontdekte dat natuurlijke ingredi\u00ebnten juist de oplossing waren voor mijn huidproblemen \u2014 en ik zag al snel verbetering.<\/p>\n<p data-start=\"1356\" data-end=\"1661\">Natuurlijke verzorging is gezonder, veiliger en effectiever. Het verkleint de kans op allergie\u00ebn en irritaties, en is dus uitermate geschikt voor de gevoelige huid. Bovendien zijn natuurlijke ingredi\u00ebnten rijk aan voedingsstoffen \u00e9n beter voor het milieu, omdat ze geen schadelijke chemicali\u00ebn bevatten.<\/p>\n<p data-start=\"1663\" data-end=\"1828\">Door de jaren heen heb ik steeds meer geleerd over natuurlijke huidverzorging. Die kennis en ervaring hebben me ge\u00efnspireerd om Responsible Skincare op te richten.<\/p>\n<p data-start=\"1830\" data-end=\"2094\">Ons doel? Zoveel mogelijk mensen helpen met natuurlijke producten, en tegelijk laten zien hoe goed deze ingredi\u00ebnten voor je huid \u00e9n de planeet kunnen zijn. Want voor ons is het zorgen voor je huid net zo belangrijk als het zorgen voor de wereld waarin we leven.<\/p>\n<p data-start=\"2096\" data-end=\"2270\">Tot op de dag van vandaag ben ik nog steeds ontzettend blij dat ik ben overgestapt op natuurlijke huidverzorging \u2014 en ik kan niet wachten om onze producten met jou te delen.&#8221;<\/p>\n<hr data-start=\"2272\" data-end=\"2275\" \/>\n<p data-start=\"2277\" data-end=\"2295\"><strong data-start=\"2277\" data-end=\"2293\">Onze waarden<\/strong><\/p>\n<p data-start=\"2297\" data-end=\"2331\">Ons merk rust op vier kernwaarden:<\/p>\n<p data-start=\"2333\" data-end=\"2446\">\ud83c\udf3f <strong data-start=\"2336\" data-end=\"2346\">Passie<\/strong><br data-start=\"2346\" data-end=\"2349\" \/>We werken met passie aan de ontwikkeling van de beste huidverzorgingsproducten voor onze klanten.<\/p>\n<p data-start=\"2448\" data-end=\"2559\">\ud83e\udd0d <strong data-start=\"2451\" data-end=\"2466\">Eerlijkheid<\/strong><br data-start=\"2466\" data-end=\"2469\" \/>Wij geloven in openheid en transparantie \u2014 over onze producten, ingredi\u00ebnten en werkwijze.<\/p>\n<p data-start=\"2561\" data-end=\"2700\">\ud83c\udf0d <strong data-start=\"2564\" data-end=\"2575\">Planeet<\/strong><br data-start=\"2575\" data-end=\"2578\" \/>We geven om de aarde. Daarom maken we onze producten op milieuvriendelijke wijze en gebruiken we recyclebare verpakkingen.<\/p>\n<p data-start=\"2702\" data-end=\"2824\">\u2728 <strong data-start=\"2704\" data-end=\"2717\">Kwaliteit<\/strong><br data-start=\"2717\" data-end=\"2720\" \/>Kwaliteit staat bij ons centraal. We streven ernaar om alleen de beste natuurlijke producten te leveren.<\/p>\n<p><\/p>\n<p><\/p>\n<p style=\"text-align: center;\">\u00a0<\/p>\t\t\t\t\t\t\t\t<\/div>\n\t\t\t\t<\/div>\n\t\t\t\t\t<\/div>\n\t\t<\/div>\n\t\t\t\t\t<\/div>\n\t\t<\/section>\n\t\t\t\t<section class=\"elementor-section elementor-top-section elementor-element elementor-element-9b7e56b elementor-section-boxed elementor-section-height-default elementor-section-height-default\" data-id=\"9b7e56b\" data-element_type=\"section\" data-e-type=\"section\">\n\t\t\t\t\t\t<div class=\"elementor-container elementor-column-gap-default\">\n\t\t\t\t\t<div class=\"elementor-column elementor-col-100 elementor-top-column elementor-element elementor-element-af26a99\" data-id=\"af26a99\" data-element_type=\"column\" data-e-type=\"column\">\n\t\t\t<div class=\"elementor-widget-wrap elementor-element-populated\">\n\t\t\t\t\t\t\t<\/div>\n\t\t<\/div>\n\t\t\t\t\t<\/div>\n\t\t<\/section>\n\t\t\t\t<section class=\"elementor-section elementor-top-section elementor-element elementor-element-f0f5090 elementor-section-boxed elementor-section-height-default elementor-section-height-default\" data-id=\"f0f5090\" data-element_type=\"section\" data-e-type=\"section\">\n\t\t\t\t\t\t<div class=\"elementor-container elementor-column-gap-default\">\n\t\t\t\t\t<div class=\"elementor-column elementor-col-100 elementor-top-column elementor-element elementor-element-0178c1e\" data-id=\"0178c1e\" data-element_type=\"column\" data-e-type=\"column\">\n\t\t\t<div class=\"elementor-widget-wrap elementor-element-populated\">\n\t\t\t\t\t\t\t<\/div>\n\t\t<\/div>\n\t\t\t\t\t<\/div>\n\t\t<\/section>\n\t\t\t\t<\/div>\n\t\t","protected":false},"excerpt":{"rendered":"<p>Responsible Skincare is een natuurlijk huidverzorgingsmerk dat zich richt op het gebruiken van de ingredi\u00ebnten die onze planeet ons biedt, om zo de beste producten voor jouw huid te cre\u00ebren. Ons doel is om zorg te dragen voor zowel jouw huid als het milieu, door gebruik te maken van duurzame werkwijzen en verantwoorde grondstoffen in [&hellip;]<\/p>\n","protected":false},"author":1,"featured_media":0,"parent":0,"menu_order":0,"comment_status":"closed","ping_status":"closed","template":"","meta":{"footnotes":""},"class_list":["post-36","page","type-page","status-publish","hentry"],"jetpack_sharing_enabled":true,"_links":{"self":[{"href":"https:\/\/responsibleskincare.nl\/nl\/wp-json\/wp\/v2\/pages\/36","targetHints":{"allow":["GET"]}}],"collection":[{"href":"https:\/\/responsibleskincare.nl\/nl\/wp-json\/wp\/v2\/pages"}],"about":[{"href":"https:\/\/responsibleskincare.nl\/nl\/wp-json\/wp\/v2\/types\/page"}],"author":[{"embeddable":true,"href":"https:\/\/responsibleskincare.nl\/nl\/wp-json\/wp\/v2\/users\/1"}],"replies":[{"embeddable":true,"href":"https:\/\/responsibleskincare.nl\/nl\/wp-json\/wp\/v2\/comments?post=36"}],"version-history":[{"count":0,"href":"https:\/\/responsibleskincare.nl\/nl\/wp-json\/wp\/v2\/pages\/36\/revisions"}],"wp:attachment":[{"href":"https:\/\/responsibleskincare.nl\/nl\/wp-json\/wp\/v2\/media?parent=36"}],"curies":[{"name":"wp","href":"https:\/\/api.w.org\/{rel}","templated":true}]}}